{"id":1116,"date":"2024-09-23T01:34:00","date_gmt":"2024-09-22T23:34:00","guid":{"rendered":"https:\/\/agencebnbreizh.fr\/?page_id=1116"},"modified":"2025-08-22T14:25:40","modified_gmt":"2025-08-22T12:25:40","slug":"a-la-une","status":"publish","type":"page","link":"https:\/\/agencebnbreizh.betterwithpepper.com\/index.php\/a-la-une\/","title":{"rendered":"\u00c0 la Une"},"content":{"rendered":"\t\t<div data-elementor-type=\"wp-page\" data-elementor-id=\"1116\" class=\"elementor elementor-1116\">\n\t\t\t\t<div class=\"elementor-element elementor-element-f26a330 e-con-full e-flex e-con e-parent\" data-id=\"f26a330\" data-element_type=\"container\" data-settings=\"{&quot;background_background&quot;:&quot;classic&quot;}\">\n\t\t<div class=\"elementor-element elementor-element-a8a8ea3 e-con-full e-flex e-con e-child\" data-id=\"a8a8ea3\" data-element_type=\"container\">\n\t\t\t\t<div class=\"elementor-element elementor-element-fd31774 elementor-widget elementor-widget-heading\" data-id=\"fd31774\" data-element_type=\"widget\" data-widget_type=\"heading.default\">\n\t\t\t\t<div class=\"elementor-widget-container\">\n\t\t\t\t\t<h1 class=\"elementor-heading-title elementor-size-default\">\u00c0 la Une<\/h1>\t\t\t\t<\/div>\n\t\t\t\t<\/div>\n\t\t\t\t<\/div>\n\t\t\t\t<\/div>\n\t\t<div class=\"elementor-element elementor-element-abb5923 e-con-full e-flex e-con e-parent\" data-id=\"abb5923\" data-element_type=\"container\" data-settings=\"{&quot;background_background&quot;:&quot;classic&quot;}\">\n\t\t<div class=\"elementor-element elementor-element-24475c3 e-con-full e-flex e-con e-child\" data-id=\"24475c3\" data-element_type=\"container\">\n\t\t\t\t<div class=\"elementor-element elementor-element-2f4c693 elementor-widget elementor-widget-elementskit-blog-posts\" data-id=\"2f4c693\" data-element_type=\"widget\" data-widget_type=\"elementskit-blog-posts.default\">\n\t\t\t\t<div class=\"elementor-widget-container\">\n\t\t\t\t\t<div class=\"ekit-wid-con\" >        <div id=\"post-items--2f4c693\" class=\"row post-items\">\n                    <div class=\"col-lg-6 col-md-6\">\n\n                                    <div class=\"elementskit-post-image-card\">\n                        <div class=\"elementskit-entry-header\">\n                                                            <a href=\"https:\/\/agencebnbreizh.betterwithpepper.com\/index.php\/2024\/12\/07\/location-meublee-et-meuble-de-tourisme-quelle-difference\/\" class=\"elementskit-entry-thumb\">\n                                    <img decoding=\"async\" src=\"https:\/\/agencebnbreizh.betterwithpepper.com\/wp-content\/uploads\/2024\/12\/photo-blog-mise-en-avant-OK.jpg\" alt=\"Location meubl\u00e9e et meubl\u00e9 de tourisme : quelle diff\u00e9rence ?\">\n                                <\/a><!-- .elementskit-entry-thumb END -->\n                                                            \n                            \n\t\t\t\t\t\t\t\t\t\t\t\t\t<\/div><!-- .elementskit-entry-header END -->\n\n\t\t\t\t\t\t<div class=\"elementskit-post-body \">\n\t\t\t\t\t\t\t\n\t\t\t\t\t\t\t\t\t\t\t\t\t\t\t\t\t\t\t\t\t\t\t\t\t\n\t\t\t\t\t\t\t\t\n\t\t\t\t\t\t\t\t\t\t\t\t\t\t\t\t\t\t\t\t\t<h2 class=\"entry-title\">\n\t\t\t\t\t<a href=\"https:\/\/agencebnbreizh.betterwithpepper.com\/index.php\/2024\/12\/07\/location-meublee-et-meuble-de-tourisme-quelle-difference\/\">\n\t\t\t\t\t\tLocation meubl\u00e9e et meubl\u00e9 de tourisme : quelle diff\u00e9rence ?\t\t\t\t\t<\/a>\n\t\t\t\t<\/h2>\n\t\t\t\t\t\t\t\t\t\t\t\t\t\t\t\t\t\t\t\t\t\t\t\t\t\t\t\t\t\t\t\t\t\t\t\t\t\t\t\t\t\t<p>D\u00e9cortiquons dans cet article les nuances entre une location meubl\u00e9e et un meubl\u00e9 de tourisme. Explorons\u2026<\/p>\n\t\t\t\t\t\t\t\t\t\t\t\t\t\t\t\t\t\t\t\t\t\t                                                            <div class=\"btn-wraper\">\n                                                                            <a class=\"elementskit-btn whitespace--normal\" id=\"\" href=\"https:\/\/agencebnbreizh.betterwithpepper.com\/index.php\/2024\/12\/07\/location-meublee-et-meuble-de-tourisme-quelle-difference\/\">\n                                            Lire                                            <i aria-hidden=\"true\" class=\"icon icon-plus\"><\/i>                                        <\/a>\n                                    \n                                                                    <\/div>\n                                                    <\/div><!-- .elementskit-post-body END -->\n                    <\/div>\n                \n            <\/div>\n                    <div class=\"col-lg-6 col-md-6\">\n\n                                    <div class=\"elementskit-post-image-card\">\n                        <div class=\"elementskit-entry-header\">\n                                                            <a href=\"https:\/\/agencebnbreizh.betterwithpepper.com\/index.php\/2024\/12\/07\/nos-conseils-pour-linvestissement-locatif\/\" class=\"elementskit-entry-thumb\">\n                                    <img decoding=\"async\" src=\"https:\/\/agencebnbreizh.betterwithpepper.com\/wp-content\/uploads\/2024\/12\/test-blog-3.jpg\" alt=\"Nos conseils pour l&rsquo;investissement locatif\">\n                                <\/a><!-- .elementskit-entry-thumb END -->\n                                                            \n                            \n\t\t\t\t\t\t\t\t\t\t\t\t\t<\/div><!-- .elementskit-entry-header END -->\n\n\t\t\t\t\t\t<div class=\"elementskit-post-body \">\n\t\t\t\t\t\t\t\n\t\t\t\t\t\t\t\t\t\t\t\t\t\t\t\t\t\t\t\t\t\t\t\t\t\n\t\t\t\t\t\t\t\t\n\t\t\t\t\t\t\t\t\t\t\t\t\t\t\t\t\t\t\t\t\t<h2 class=\"entry-title\">\n\t\t\t\t\t<a href=\"https:\/\/agencebnbreizh.betterwithpepper.com\/index.php\/2024\/12\/07\/nos-conseils-pour-linvestissement-locatif\/\">\n\t\t\t\t\t\tNos conseils pour l&rsquo;investissement locatif\t\t\t\t\t<\/a>\n\t\t\t\t<\/h2>\n\t\t\t\t\t\t\t\t\t\t\t\t\t\t\t\t\t\t\t\t\t\t\t\t\t\t\t\t\t\t\t\t\t\t\t\t\t\t\t\t\t\t<p>Investir dans la location sur Airbnb peut \u00eatre une aventure captivante. Pour r\u00e9ussir dans ce domaine,\u2026<\/p>\n\t\t\t\t\t\t\t\t\t\t\t\t\t\t\t\t\t\t\t\t\t\t                                                            <div class=\"btn-wraper\">\n                                                                            <a class=\"elementskit-btn whitespace--normal\" id=\"\" href=\"https:\/\/agencebnbreizh.betterwithpepper.com\/index.php\/2024\/12\/07\/nos-conseils-pour-linvestissement-locatif\/\">\n                                            Lire                                            <i aria-hidden=\"true\" class=\"icon icon-plus\"><\/i>                                        <\/a>\n                                    \n                                                                    <\/div>\n                                                    <\/div><!-- .elementskit-post-body END -->\n                    <\/div>\n                \n            <\/div>\n                    <div class=\"col-lg-6 col-md-6\">\n\n                                    <div class=\"elementskit-post-image-card\">\n                        <div class=\"elementskit-entry-header\">\n                                                            <a href=\"https:\/\/agencebnbreizh.betterwithpepper.com\/index.php\/2024\/12\/07\/que-choisir-entre-location-courte-et-longue-duree\/\" class=\"elementskit-entry-thumb\">\n                                    <img decoding=\"async\" src=\"https:\/\/agencebnbreizh.betterwithpepper.com\/wp-content\/uploads\/2024\/12\/bloc-accueil-OK-3.jpg\" alt=\"Que choisir entre location courte et longue dur\u00e9e ?\">\n                                <\/a><!-- .elementskit-entry-thumb END -->\n                                                            \n                            \n\t\t\t\t\t\t\t\t\t\t\t\t\t<\/div><!-- .elementskit-entry-header END -->\n\n\t\t\t\t\t\t<div class=\"elementskit-post-body \">\n\t\t\t\t\t\t\t\n\t\t\t\t\t\t\t\t\t\t\t\t\t\t\t\t\t\t\t\t\t\t\t\t\t\n\t\t\t\t\t\t\t\t\n\t\t\t\t\t\t\t\t\t\t\t\t\t\t\t\t\t\t\t\t\t<h2 class=\"entry-title\">\n\t\t\t\t\t<a href=\"https:\/\/agencebnbreizh.betterwithpepper.com\/index.php\/2024\/12\/07\/que-choisir-entre-location-courte-et-longue-duree\/\">\n\t\t\t\t\t\tQue choisir entre location courte et longue dur\u00e9e ?\t\t\t\t\t<\/a>\n\t\t\t\t<\/h2>\n\t\t\t\t\t\t\t\t\t\t\t\t\t\t\t\t\t\t\t\t\t\t\t\t\t\t\t\t\t\t\t\t\t\t\t\t\t\t\t\t\t\t<p>Pour des propri\u00e9taires, il est parfois difficile de savoir o\u00f9 s\u2019orienter entre la location longue et\u2026<\/p>\n\t\t\t\t\t\t\t\t\t\t\t\t\t\t\t\t\t\t\t\t\t\t                                                            <div class=\"btn-wraper\">\n                                                                            <a class=\"elementskit-btn whitespace--normal\" id=\"\" href=\"https:\/\/agencebnbreizh.betterwithpepper.com\/index.php\/2024\/12\/07\/que-choisir-entre-location-courte-et-longue-duree\/\">\n                                            Lire                                            <i aria-hidden=\"true\" class=\"icon icon-plus\"><\/i>                                        <\/a>\n                                    \n                                                                    <\/div>\n                                                    <\/div><!-- .elementskit-post-body END -->\n                    <\/div>\n                \n            <\/div>\n                    <div class=\"col-lg-6 col-md-6\">\n\n                                    <div class=\"elementskit-post-image-card\">\n                        <div class=\"elementskit-entry-header\">\n                                                            <a href=\"https:\/\/agencebnbreizh.betterwithpepper.com\/index.php\/2024\/12\/07\/check-list-pour-preparer-son-logement-a-la-location\/\" class=\"elementskit-entry-thumb\">\n                                    <img decoding=\"async\" src=\"https:\/\/agencebnbreizh.betterwithpepper.com\/wp-content\/uploads\/2024\/12\/photo-accueil-blog-modifier-12.jpg\" alt=\"Check-list pour pr\u00e9parer son logement \u00e0 la location\">\n                                <\/a><!-- .elementskit-entry-thumb END -->\n                                                            \n                            \n\t\t\t\t\t\t\t\t\t\t\t\t\t<\/div><!-- .elementskit-entry-header END -->\n\n\t\t\t\t\t\t<div class=\"elementskit-post-body \">\n\t\t\t\t\t\t\t\n\t\t\t\t\t\t\t\t\t\t\t\t\t\t\t\t\t\t\t\t\t\t\t\t\t\n\t\t\t\t\t\t\t\t\n\t\t\t\t\t\t\t\t\t\t\t\t\t\t\t\t\t\t\t\t\t<h2 class=\"entry-title\">\n\t\t\t\t\t<a href=\"https:\/\/agencebnbreizh.betterwithpepper.com\/index.php\/2024\/12\/07\/check-list-pour-preparer-son-logement-a-la-location\/\">\n\t\t\t\t\t\tCheck-list pour pr\u00e9parer son logement \u00e0 la location\t\t\t\t\t<\/a>\n\t\t\t\t<\/h2>\n\t\t\t\t\t\t\t\t\t\t\t\t\t\t\t\t\t\t\t\t\t\t\t\t\t\t\t\t\t\t\t\t\t\t\t\t\t\t\t\t\t\t<p>Vous envisagez de mettre bient\u00f4t votre bien en location sur les plateformes de location courte dur\u00e9e,\u2026<\/p>\n\t\t\t\t\t\t\t\t\t\t\t\t\t\t\t\t\t\t\t\t\t\t                                                            <div class=\"btn-wraper\">\n                                                                            <a class=\"elementskit-btn whitespace--normal\" id=\"\" href=\"https:\/\/agencebnbreizh.betterwithpepper.com\/index.php\/2024\/12\/07\/check-list-pour-preparer-son-logement-a-la-location\/\">\n                                            Lire                                            <i aria-hidden=\"true\" class=\"icon icon-plus\"><\/i>                                        <\/a>\n                                    \n                                                                    <\/div>\n                                                    <\/div><!-- .elementskit-post-body END -->\n                    <\/div>\n                \n            <\/div>\n                    <div class=\"col-lg-6 col-md-6\">\n\n                                    <div class=\"elementskit-post-image-card\">\n                        <div class=\"elementskit-entry-header\">\n                                                            <a href=\"https:\/\/agencebnbreizh.betterwithpepper.com\/index.php\/2024\/12\/07\/legislation-loi-airbnb-2024\/\" class=\"elementskit-entry-thumb\">\n                                    <img decoding=\"async\" src=\"https:\/\/agencebnbreizh.betterwithpepper.com\/wp-content\/uploads\/2024\/12\/blog-accueil-2-ok.jpg\" alt=\"L\u00e9gislation : Loi AirBnB 2024\">\n                                <\/a><!-- .elementskit-entry-thumb END -->\n                                                            \n                            \n\t\t\t\t\t\t\t\t\t\t\t\t\t<\/div><!-- .elementskit-entry-header END -->\n\n\t\t\t\t\t\t<div class=\"elementskit-post-body \">\n\t\t\t\t\t\t\t\n\t\t\t\t\t\t\t\t\t\t\t\t\t\t\t\t\t\t\t\t\t\t\t\t\t\n\t\t\t\t\t\t\t\t\n\t\t\t\t\t\t\t\t\t\t\t\t\t\t\t\t\t\t\t\t\t<h2 class=\"entry-title\">\n\t\t\t\t\t<a href=\"https:\/\/agencebnbreizh.betterwithpepper.com\/index.php\/2024\/12\/07\/legislation-loi-airbnb-2024\/\">\n\t\t\t\t\t\tL\u00e9gislation : Loi AirBnB 2024\t\t\t\t\t<\/a>\n\t\t\t\t<\/h2>\n\t\t\t\t\t\t\t\t\t\t\t\t\t\t\t\t\t\t\t\t\t\t\t\t\t\t\t\t\t\t\t\t\t\t\t\t\t\t\t\t\t\t<p>Face \u00e0 la crise du logement en France, les parlementaires examinent des solutions potentielles, notamment en\u2026<\/p>\n\t\t\t\t\t\t\t\t\t\t\t\t\t\t\t\t\t\t\t\t\t\t                                                            <div class=\"btn-wraper\">\n                                                                            <a class=\"elementskit-btn whitespace--normal\" id=\"\" href=\"https:\/\/agencebnbreizh.betterwithpepper.com\/index.php\/2024\/12\/07\/legislation-loi-airbnb-2024\/\">\n                                            Lire                                            <i aria-hidden=\"true\" class=\"icon icon-plus\"><\/i>                                        <\/a>\n                                    \n                                                                    <\/div>\n                                                    <\/div><!-- .elementskit-post-body END -->\n                    <\/div>\n                \n            <\/div>\n                    <div class=\"col-lg-6 col-md-6\">\n\n                                    <div class=\"elementskit-post-image-card\">\n                        <div class=\"elementskit-entry-header\">\n                                                            <a href=\"https:\/\/agencebnbreizh.betterwithpepper.com\/index.php\/2024\/12\/07\/tout-savoir-sur-la-gestion-locative\/\" class=\"elementskit-entry-thumb\">\n                                    <img decoding=\"async\" src=\"https:\/\/agencebnbreizh.betterwithpepper.com\/wp-content\/uploads\/2024\/12\/bloc-accueil-ook-4.jpg\" alt=\"Tout savoir sur la gestion locative saisonni\u00e8re\">\n                                <\/a><!-- .elementskit-entry-thumb END -->\n                                                            \n                            \n\t\t\t\t\t\t\t\t\t\t\t\t\t<\/div><!-- .elementskit-entry-header END -->\n\n\t\t\t\t\t\t<div class=\"elementskit-post-body \">\n\t\t\t\t\t\t\t\n\t\t\t\t\t\t\t\t\t\t\t\t\t\t\t\t\t\t\t\t\t\t\t\t\t\n\t\t\t\t\t\t\t\t\n\t\t\t\t\t\t\t\t\t\t\t\t\t\t\t\t\t\t\t\t\t<h2 class=\"entry-title\">\n\t\t\t\t\t<a href=\"https:\/\/agencebnbreizh.betterwithpepper.com\/index.php\/2024\/12\/07\/tout-savoir-sur-la-gestion-locative\/\">\n\t\t\t\t\t\tTout savoir sur la gestion locative saisonni\u00e8re\t\t\t\t\t<\/a>\n\t\t\t\t<\/h2>\n\t\t\t\t\t\t\t\t\t\t\t\t\t\t\t\t\t\t\t\t\t\t\t\t\t\t\t\t\t\t\t\t\t\t\t\t\t\t\t\t\t\t<p>Vous venez d&rsquo;acheter un bien immobilier et vous vous interrogez sur la gestion locative : faut-il\u2026<\/p>\n\t\t\t\t\t\t\t\t\t\t\t\t\t\t\t\t\t\t\t\t\t\t                                                            <div class=\"btn-wraper\">\n                                                                            <a class=\"elementskit-btn whitespace--normal\" id=\"\" href=\"https:\/\/agencebnbreizh.betterwithpepper.com\/index.php\/2024\/12\/07\/tout-savoir-sur-la-gestion-locative\/\">\n                                            Lire                                            <i aria-hidden=\"true\" class=\"icon icon-plus\"><\/i>                                        <\/a>\n                                    \n                                                                    <\/div>\n                                                    <\/div><!-- .elementskit-post-body END -->\n                    <\/div>\n                \n            <\/div>\n                <\/div>\n       <\/div>\t\t\t\t<\/div>\n\t\t\t\t<\/div>\n\t\t\t\t<\/div>\n\t\t\t\t<\/div>\n\t\t\t\t<\/div>\n\t\t","protected":false},"excerpt":{"rendered":"<p>\u00c0 la Une Location meubl\u00e9e et meubl\u00e9 de tourisme : quelle diff\u00e9rence ? D\u00e9cortiquons dans cet article les nuances entre une location meubl\u00e9e et un meubl\u00e9 de tourisme. Explorons\u2026 Lire Nos conseils pour l&rsquo;investissement locatif Investir dans la location sur Airbnb peut \u00eatre une aventure captivante. Pour r\u00e9ussir dans ce domaine,\u2026 Lire Que choisir entre [&hellip;]<\/p>\n","protected":false},"author":1,"featured_media":0,"parent":0,"menu_order":0,"comment_status":"closed","ping_status":"closed","template":"","meta":{"footnotes":""},"class_list":["post-1116","page","type-page","status-publish","hentry"],"yoast_head":"<!-- This site is optimized with the Yoast SEO plugin v24.0 - https:\/\/yoast.com\/wordpress\/plugins\/seo\/ -->\n<title>\u00c0 la Une -<\/title>\n<meta name=\"robots\" content=\"noindex, follow, max-snippet:-1, max-image-preview:large, max-video-preview:-1\" \/>\n<meta property=\"og:locale\" content=\"fr_FR\" \/>\n<meta property=\"og:type\" content=\"article\" \/>\n<meta property=\"og:title\" content=\"\u00c0 la Une -\" \/>\n<meta property=\"og:description\" content=\"\u00c0 la Une Location meubl\u00e9e et meubl\u00e9 de tourisme : quelle diff\u00e9rence ? D\u00e9cortiquons dans cet article les nuances entre une location meubl\u00e9e et un meubl\u00e9 de tourisme. Explorons\u2026 Lire Nos conseils pour l&rsquo;investissement locatif Investir dans la location sur Airbnb peut \u00eatre une aventure captivante. Pour r\u00e9ussir dans ce domaine,\u2026 Lire Que choisir entre [&hellip;]\" \/>\n<meta property=\"og:url\" content=\"https:\/\/agencebnbreizh.betterwithpepper.com\/index.php\/a-la-une\/\" \/>\n<meta property=\"article:modified_time\" content=\"2025-08-22T12:25:40+00:00\" \/>\n<meta property=\"og:image\" content=\"https:\/\/agencebnbreizh.betterwithpepper.com\/wp-content\/uploads\/2024\/12\/photo-blog-mise-en-avant-OK.jpg\" \/>\n<meta name=\"twitter:card\" content=\"summary_large_image\" \/>\n<meta name=\"twitter:label1\" content=\"Dur\u00e9e de lecture estim\u00e9e\" \/>\n\t<meta name=\"twitter:data1\" content=\"3 minutes\" \/>\n<script type=\"application\/ld+json\" class=\"yoast-schema-graph\">{\"@context\":\"https:\/\/schema.org\",\"@graph\":[{\"@type\":\"WebPage\",\"@id\":\"https:\/\/agencebnbreizh.betterwithpepper.com\/index.php\/a-la-une\/\",\"url\":\"https:\/\/agencebnbreizh.betterwithpepper.com\/index.php\/a-la-une\/\",\"name\":\"\u00c0 la Une -\",\"isPartOf\":{\"@id\":\"https:\/\/agencebnbreizh.betterwithpepper.com\/#website\"},\"primaryImageOfPage\":{\"@id\":\"https:\/\/agencebnbreizh.betterwithpepper.com\/index.php\/a-la-une\/#primaryimage\"},\"image\":{\"@id\":\"https:\/\/agencebnbreizh.betterwithpepper.com\/index.php\/a-la-une\/#primaryimage\"},\"thumbnailUrl\":\"https:\/\/agencebnbreizh.betterwithpepper.com\/wp-content\/uploads\/2024\/12\/photo-blog-mise-en-avant-OK.jpg\",\"datePublished\":\"2024-09-22T23:34:00+00:00\",\"dateModified\":\"2025-08-22T12:25:40+00:00\",\"breadcrumb\":{\"@id\":\"https:\/\/agencebnbreizh.betterwithpepper.com\/index.php\/a-la-une\/#breadcrumb\"},\"inLanguage\":\"fr-FR\",\"potentialAction\":[{\"@type\":\"ReadAction\",\"target\":[\"https:\/\/agencebnbreizh.betterwithpepper.com\/index.php\/a-la-une\/\"]}]},{\"@type\":\"ImageObject\",\"inLanguage\":\"fr-FR\",\"@id\":\"https:\/\/agencebnbreizh.betterwithpepper.com\/index.php\/a-la-une\/#primaryimage\",\"url\":\"https:\/\/agencebnbreizh.betterwithpepper.com\/wp-content\/uploads\/2024\/12\/photo-blog-mise-en-avant-OK.jpg\",\"contentUrl\":\"https:\/\/agencebnbreizh.betterwithpepper.com\/wp-content\/uploads\/2024\/12\/photo-blog-mise-en-avant-OK.jpg\",\"width\":960,\"height\":1205},{\"@type\":\"BreadcrumbList\",\"@id\":\"https:\/\/agencebnbreizh.betterwithpepper.com\/index.php\/a-la-une\/#breadcrumb\",\"itemListElement\":[{\"@type\":\"ListItem\",\"position\":1,\"name\":\"Accueil\",\"item\":\"https:\/\/agencebnbreizh.betterwithpepper.com\/\"},{\"@type\":\"ListItem\",\"position\":2,\"name\":\"\u00c0 la Une\"}]},{\"@type\":\"WebSite\",\"@id\":\"https:\/\/agencebnbreizh.betterwithpepper.com\/#website\",\"url\":\"https:\/\/agencebnbreizh.betterwithpepper.com\/\",\"name\":\"\",\"description\":\"\",\"potentialAction\":[{\"@type\":\"SearchAction\",\"target\":{\"@type\":\"EntryPoint\",\"urlTemplate\":\"https:\/\/agencebnbreizh.betterwithpepper.com\/?s={search_term_string}\"},\"query-input\":{\"@type\":\"PropertyValueSpecification\",\"valueRequired\":true,\"valueName\":\"search_term_string\"}}],\"inLanguage\":\"fr-FR\"}]}<\/script>\n<!-- \/ Yoast SEO plugin. -->","yoast_head_json":{"title":"\u00c0 la Une -","robots":{"index":"noindex","follow":"follow","max-snippet":"max-snippet:-1","max-image-preview":"max-image-preview:large","max-video-preview":"max-video-preview:-1"},"og_locale":"fr_FR","og_type":"article","og_title":"\u00c0 la Une -","og_description":"\u00c0 la Une Location meubl\u00e9e et meubl\u00e9 de tourisme : quelle diff\u00e9rence ? D\u00e9cortiquons dans cet article les nuances entre une location meubl\u00e9e et un meubl\u00e9 de tourisme. Explorons\u2026 Lire Nos conseils pour l&rsquo;investissement locatif Investir dans la location sur Airbnb peut \u00eatre une aventure captivante. Pour r\u00e9ussir dans ce domaine,\u2026 Lire Que choisir entre [&hellip;]","og_url":"https:\/\/agencebnbreizh.betterwithpepper.com\/index.php\/a-la-une\/","article_modified_time":"2025-08-22T12:25:40+00:00","og_image":[{"url":"https:\/\/agencebnbreizh.betterwithpepper.com\/wp-content\/uploads\/2024\/12\/photo-blog-mise-en-avant-OK.jpg","type":"","width":"","height":""}],"twitter_card":"summary_large_image","twitter_misc":{"Dur\u00e9e de lecture estim\u00e9e":"3 minutes"},"schema":{"@context":"https:\/\/schema.org","@graph":[{"@type":"WebPage","@id":"https:\/\/agencebnbreizh.betterwithpepper.com\/index.php\/a-la-une\/","url":"https:\/\/agencebnbreizh.betterwithpepper.com\/index.php\/a-la-une\/","name":"\u00c0 la Une -","isPartOf":{"@id":"https:\/\/agencebnbreizh.betterwithpepper.com\/#website"},"primaryImageOfPage":{"@id":"https:\/\/agencebnbreizh.betterwithpepper.com\/index.php\/a-la-une\/#primaryimage"},"image":{"@id":"https:\/\/agencebnbreizh.betterwithpepper.com\/index.php\/a-la-une\/#primaryimage"},"thumbnailUrl":"https:\/\/agencebnbreizh.betterwithpepper.com\/wp-content\/uploads\/2024\/12\/photo-blog-mise-en-avant-OK.jpg","datePublished":"2024-09-22T23:34:00+00:00","dateModified":"2025-08-22T12:25:40+00:00","breadcrumb":{"@id":"https:\/\/agencebnbreizh.betterwithpepper.com\/index.php\/a-la-une\/#breadcrumb"},"inLanguage":"fr-FR","potentialAction":[{"@type":"ReadAction","target":["https:\/\/agencebnbreizh.betterwithpepper.com\/index.php\/a-la-une\/"]}]},{"@type":"ImageObject","inLanguage":"fr-FR","@id":"https:\/\/agencebnbreizh.betterwithpepper.com\/index.php\/a-la-une\/#primaryimage","url":"https:\/\/agencebnbreizh.betterwithpepper.com\/wp-content\/uploads\/2024\/12\/photo-blog-mise-en-avant-OK.jpg","contentUrl":"https:\/\/agencebnbreizh.betterwithpepper.com\/wp-content\/uploads\/2024\/12\/photo-blog-mise-en-avant-OK.jpg","width":960,"height":1205},{"@type":"BreadcrumbList","@id":"https:\/\/agencebnbreizh.betterwithpepper.com\/index.php\/a-la-une\/#breadcrumb","itemListElement":[{"@type":"ListItem","position":1,"name":"Accueil","item":"https:\/\/agencebnbreizh.betterwithpepper.com\/"},{"@type":"ListItem","position":2,"name":"\u00c0 la Une"}]},{"@type":"WebSite","@id":"https:\/\/agencebnbreizh.betterwithpepper.com\/#website","url":"https:\/\/agencebnbreizh.betterwithpepper.com\/","name":"","description":"","potentialAction":[{"@type":"SearchAction","target":{"@type":"EntryPoint","urlTemplate":"https:\/\/agencebnbreizh.betterwithpepper.com\/?s={search_term_string}"},"query-input":{"@type":"PropertyValueSpecification","valueRequired":true,"valueName":"search_term_string"}}],"inLanguage":"fr-FR"}]}},"_links":{"self":[{"href":"https:\/\/agencebnbreizh.betterwithpepper.com\/index.php\/wp-json\/wp\/v2\/pages\/1116","targetHints":{"allow":["GET"]}}],"collection":[{"href":"https:\/\/agencebnbreizh.betterwithpepper.com\/index.php\/wp-json\/wp\/v2\/pages"}],"about":[{"href":"https:\/\/agencebnbreizh.betterwithpepper.com\/index.php\/wp-json\/wp\/v2\/types\/page"}],"author":[{"embeddable":true,"href":"https:\/\/agencebnbreizh.betterwithpepper.com\/index.php\/wp-json\/wp\/v2\/users\/1"}],"replies":[{"embeddable":true,"href":"https:\/\/agencebnbreizh.betterwithpepper.com\/index.php\/wp-json\/wp\/v2\/comments?post=1116"}],"version-history":[{"count":283,"href":"https:\/\/agencebnbreizh.betterwithpepper.com\/index.php\/wp-json\/wp\/v2\/pages\/1116\/revisions"}],"predecessor-version":[{"id":3885,"href":"https:\/\/agencebnbreizh.betterwithpepper.com\/index.php\/wp-json\/wp\/v2\/pages\/1116\/revisions\/3885"}],"wp:attachment":[{"href":"https:\/\/agencebnbreizh.betterwithpepper.com\/index.php\/wp-json\/wp\/v2\/media?parent=1116"}],"curies":[{"name":"wp","href":"https:\/\/api.w.org\/{rel}","templated":true}]}}